{"id":387,"date":"2017-05-19T10:07:53","date_gmt":"2017-05-19T08:07:53","guid":{"rendered":"http:\/\/serwer17239.lh.pl\/jartom\/firma\/"},"modified":"2017-08-19T13:16:35","modified_gmt":"2017-08-19T11:16:35","slug":"firma","status":"publish","type":"page","link":"https:\/\/jartominkubatory.pl\/ru\/firma\/","title":{"rendered":"Firma"},"content":{"rendered":"<h3>JARTOM od wielu lat jest producentem aparat\u00f3w l\u0119gowych i klujnikowych do wyl\u0119gu drobiu i ptactwa oraz maszyn i urz\u0105dze\u0144 wspomagaj\u0105cych ich dzia\u0142anie. Dzi\u0119ki wiedzy i do\u015bwiadczeniu oraz stosowaniu\u00a0nowych technologii firma jest liderem na polskim rynku.<\/h3>\n<p>Ka\u017cdego dnia \u00a0za\u0142oga firmy dok\u0142ada wszelkich stara\u0144, aby sprosta\u0144 coraz wi\u0119kszym oczekiwaniom klient\u00f3w. W ostatnich trzech latach firma wprowadzi\u0142a na rynek nowoczesne inkubatory jednonak\u0142adowe, kt\u00f3re opr\u00f3cz znakomitej poprawy jako\u015bciowej i ilo\u015bciowej l\u0119\u017conych piskl\u0105t daj\u0105 do 30 procent oszcz\u0119dno\u015bci w zu\u017cyciu energii. Przedsi\u0119biorstwo posiada System Zarz\u0105dzania Jako\u015bci\u0105 ISO 9001.<\/p>\n","protected":false},"excerpt":{"rendered":"<p>JARTOM od wielu lat jest producentem aparat\u00f3w l\u0119gowych i klujnikowych do wyl\u0119gu drobiu i ptactwa oraz maszyn i urz\u0105dze\u0144 wspomagaj\u0105cych [&hellip;]<\/p>\n","protected":false},"author":4,"featured_media":256,"parent":0,"menu_order":0,"comment_status":"closed","ping_status":"closed","template":"templates\/company.php","meta":{"_links_to":"","_links_to_target":""},"_links":{"self":[{"href":"https:\/\/jartominkubatory.pl\/ru\/wp-json\/wp\/v2\/pages\/387"}],"collection":[{"href":"https:\/\/jartominkubatory.pl\/ru\/wp-json\/wp\/v2\/pages"}],"about":[{"href":"https:\/\/jartominkubatory.pl\/ru\/wp-json\/wp\/v2\/types\/page"}],"author":[{"embeddable":true,"href":"https:\/\/jartominkubatory.pl\/ru\/wp-json\/wp\/v2\/users\/4"}],"replies":[{"embeddable":true,"href":"https:\/\/jartominkubatory.pl\/ru\/wp-json\/wp\/v2\/comments?post=387"}],"version-history":[{"count":4,"href":"https:\/\/jartominkubatory.pl\/ru\/wp-json\/wp\/v2\/pages\/387\/revisions"}],"predecessor-version":[{"id":508,"href":"https:\/\/jartominkubatory.pl\/ru\/wp-json\/wp\/v2\/pages\/387\/revisions\/508"}],"wp:featuredmedia":[{"embeddable":true,"href":"https:\/\/jartominkubatory.pl\/ru\/wp-json\/wp\/v2\/media\/256"}],"wp:attachment":[{"href":"https:\/\/jartominkubatory.pl\/ru\/wp-json\/wp\/v2\/media?parent=387"}],"curies":[{"name":"wp","href":"https:\/\/api.w.org\/{rel}","templated":true}]}}