{"id":382,"date":"2017-05-19T10:07:55","date_gmt":"2017-05-19T08:07:55","guid":{"rendered":"http:\/\/serwer17239.lh.pl\/jartom\/kontakt\/"},"modified":"2017-07-25T20:57:04","modified_gmt":"2017-07-25T18:57:04","slug":"kontakt","status":"publish","type":"page","link":"https:\/\/jartominkubatory.pl\/ru\/kontakt\/","title":{"rendered":"Kontakt"},"content":{"rendered":"<h3>Masz w\u0105tpliwo\u015bci? Zadaj pytanie!<br \/>\nSkontaktuj si\u0119 z nami!<\/h3>\n<p>JARTOM Tomasz Wabi\u0144ski<br \/>\nul. Wroc\u0142awska 164, 63-800 Gosty\u0144<\/p>\n<p>Kom: +48 604 629 301<br \/>\nKom: +48 606 416 805<br \/>\nTel: +48 65 572 06 26<\/p>\n<p>E-mail: <a href=\"mailto:tomek@jartominkubatory.pl\">tomek@jartominkubatory.pl<\/a><br \/>\nSerwis: <a href=\"mailto:serwis@jartominkubatory.pl\">serwis@jartominkubatory.pl <\/a><br \/>\nStrona: <a href=\"http:\/\/jartominkubatory.pl\">www.jartominkubatory.pl<\/a><\/p>\n","protected":false},"excerpt":{"rendered":"<p>Masz w\u0105tpliwo\u015bci? Zadaj pytanie! Skontaktuj si\u0119 z nami! JARTOM Tomasz Wabi\u0144ski ul. Wroc\u0142awska 164, 63-800 Gosty\u0144 Kom: +48 604 629 [&hellip;]<\/p>\n","protected":false},"author":4,"featured_media":0,"parent":0,"menu_order":0,"comment_status":"closed","ping_status":"closed","template":"templates\/contact.php","meta":{"_links_to":"","_links_to_target":""},"_links":{"self":[{"href":"https:\/\/jartominkubatory.pl\/ru\/wp-json\/wp\/v2\/pages\/382"}],"collection":[{"href":"https:\/\/jartominkubatory.pl\/ru\/wp-json\/wp\/v2\/pages"}],"about":[{"href":"https:\/\/jartominkubatory.pl\/ru\/wp-json\/wp\/v2\/types\/page"}],"author":[{"embeddable":true,"href":"https:\/\/jartominkubatory.pl\/ru\/wp-json\/wp\/v2\/users\/4"}],"replies":[{"embeddable":true,"href":"https:\/\/jartominkubatory.pl\/ru\/wp-json\/wp\/v2\/comments?post=382"}],"version-history":[{"count":2,"href":"https:\/\/jartominkubatory.pl\/ru\/wp-json\/wp\/v2\/pages\/382\/revisions"}],"predecessor-version":[{"id":469,"href":"https:\/\/jartominkubatory.pl\/ru\/wp-json\/wp\/v2\/pages\/382\/revisions\/469"}],"wp:attachment":[{"href":"https:\/\/jartominkubatory.pl\/ru\/wp-json\/wp\/v2\/media?parent=382"}],"curies":[{"name":"wp","href":"https:\/\/api.w.org\/{rel}","templated":true}]}}